{"id":30686,"date":"2025-07-05T00:20:14","date_gmt":"2025-07-04T21:20:14","guid":{"rendered":"https:\/\/dolphinlift.com.tr\/?page_id=30686"},"modified":"2025-07-31T00:06:33","modified_gmt":"2025-07-30T21:06:33","slug":"gizlilik-politikasi","status":"publish","type":"page","link":"https:\/\/dolphinlift.com.tr\/en\/gizlilik-politikasi\/","title":{"rendered":"Privacy Policy"},"content":{"rendered":"<div data-elementor-type=\"wp-page\" data-elementor-id=\"30686\" class=\"elementor elementor-30686\">\n\t\t\t\t\t\t<section class=\"elementor-section elementor-top-section elementor-element elementor-element-6166afd8 elementor-section-height-min-height elementor-section-content-middle wd-section-stretch elementor-section-boxed elementor-section-height-default elementor-section-items-middle\" data-id=\"6166afd8\" data-element_type=\"section\" data-e-type=\"section\" data-settings=\"{&quot;background_background&quot;:&quot;classic&quot;}\">\n\t\t\t\t\t\t\t<div class=\"elementor-background-overlay\"><\/div>\n\t\t\t\t\t\t\t<div class=\"elementor-container elementor-column-gap-default\">\n\t\t\t\t\t<div class=\"elementor-column elementor-col-100 elementor-top-column elementor-element elementor-element-7f90bdbf\" data-id=\"7f90bdbf\" data-element_type=\"column\" data-e-type=\"column\">\n\t\t\t<div class=\"elementor-widget-wrap elementor-element-populated\">\n\t\t\t\t\t\t<div class=\"elementor-element elementor-element-61e612d3 wd-width-100 elementor-widget elementor-widget-wd_title\" data-id=\"61e612d3\" data-element_type=\"widget\" data-e-type=\"widget\" data-widget_type=\"wd_title.default\">\n\t\t\t\t<div class=\"elementor-widget-container\">\n\t\t\t\t\t\t\t<div class=\"title-wrapper wd-set-mb reset-last-child wd-title-color-white wd-title-style-default wd-title-size-default text-center\">\n\n\t\t\t\n\t\t\t<div class=\"liner-continer\">\n\t\t\t\t<h4 class=\"woodmart-title-container title wd-fontsize-l\"><br \/>\n<strong>Privacy Policy<\/strong><\/h4> \n\t\t\t\t\t\t\t<\/div>\n\n\t\t\t\t\t<\/div>\n\t\t\t\t\t\t<\/div>\n\t\t\t\t<\/div>\n\t\t\t\t\t<\/div>\n\t\t<\/div>\n\t\t\t\t\t<\/div>\n\t\t<\/section>\n\t\t<div class=\"elementor-element elementor-element-d486fc4 e-flex e-con-boxed e-con e-parent\" data-id=\"d486fc4\" data-element_type=\"container\" data-e-type=\"container\">\n\t\t\t\t\t<div class=\"e-con-inner\">\n\t\t\t\t<div class=\"elementor-element elementor-element-ac66305 elementor-widget elementor-widget-wd_text_block\" data-id=\"ac66305\" data-element_type=\"widget\" data-e-type=\"widget\" data-widget_type=\"wd_text_block.default\">\n\t\t\t\t<div class=\"elementor-widget-container\">\n\t\t\t\t\t\t\t<div class=\"wd-text-block reset-last-child text-left\">\n\t\t\t\n\t\t\t<h2 data-start=\"320\" data-end=\"371\"><strong data-start=\"320\" data-end=\"371\">Spartek Makine Otomotiv A.\u015e. \u2013 Dolphin Forklift<\/strong><\/h2><p data-start=\"373\" data-end=\"691\"><strong data-start=\"373\" data-end=\"399\"><a class=\"\" href=\"https:\/\/dolphinlift.com.tr\/en\/\" target=\"_new\" rel=\"noopener\" data-start=\"375\" data-end=\"397\">www.dolphinlift.com.tr<\/a><\/strong> alan ad\u0131 \u00fczerinden sunulan t\u00fcm dijital i\u00e7erik, g\u00f6rsel, metin, sistem altyap\u0131s\u0131 ve kullan\u0131c\u0131 aray\u00fczleri <strong data-start=\"503\" data-end=\"535\">Spartek Makine Otomotiv Inc.<\/strong> g\u00fcvencesinde, ilgili yasal d\u00fczenlemelere uygun olarak hizmete sunulmaktad\u0131r. Web sitemizi kullanmakla a\u015fa\u011f\u0131da belirtilen \u015fartlar\u0131 kabul etmi\u015f say\u0131l\u0131rs\u0131n\u0131z.<\/p>\n\t\t\t\t\t<\/div>\n\t\t\t\t\t\t<\/div>\n\t\t\t\t<\/div>\n\t\t\t\t<div class=\"elementor-element elementor-element-8800376 elementor-widget elementor-widget-wd_text_block\" data-id=\"8800376\" data-element_type=\"widget\" data-e-type=\"widget\" data-widget_type=\"wd_text_block.default\">\n\t\t\t\t<div class=\"elementor-widget-container\">\n\t\t\t\t\t\t\t<div class=\"wd-text-block reset-last-child text-left\">\n\t\t\t\n\t\t\t<h2 data-start=\"698\" data-end=\"735\"><strong data-start=\"701\" data-end=\"735\">1. K\u0130\u015e\u0130SEL VER\u0130LER\u0130N G\u00dcVENL\u0130\u011e\u0130<\/strong><\/h2><p data-start=\"737\" data-end=\"1003\">Web sitemizi ziyaret eden kullan\u0131c\u0131lar\u0131n ki\u015fisel verileri, 6698 say\u0131l\u0131 <strong data-start=\"808\" data-end=\"853\">Ki\u015fisel Verilerin Korunmas\u0131 Kanunu (KVKK)<\/strong> ba\u015fta olmak \u00fczere, y\u00fcr\u00fcrl\u00fckteki mevzuata uygun olarak i\u015flenir, g\u00fcvenli bi\u00e7imde saklan\u0131r ve asla kullan\u0131c\u0131 onay\u0131 olmadan \u00fc\u00e7\u00fcnc\u00fc ki\u015filerle payla\u015f\u0131lmaz.<\/p><p data-start=\"1005\" data-end=\"1021\">Ki\u015fisel veriler:<\/p><ul data-start=\"1023\" data-end=\"1349\"><li data-start=\"1023\" data-end=\"1110\"><p data-start=\"1025\" data-end=\"1110\">Kanunen yetkili kurumlar ve merciler d\u0131\u015f\u0131nda hi\u00e7bir ki\u015fi ya da kurum ile payla\u015f\u0131lmaz.<\/p><\/li><li data-start=\"1111\" data-end=\"1221\"><p data-start=\"1113\" data-end=\"1221\">Yetkisiz eri\u015fimlere kar\u015f\u0131 korunur, izinsiz kullan\u0131m, de\u011fi\u015ftirme veya if\u015faya kar\u015f\u0131 sistemsel \u00f6nlemler al\u0131n\u0131r.<\/p><\/li><li data-start=\"1222\" data-end=\"1288\"><p data-start=\"1224\" data-end=\"1288\">A\u00e7\u0131k r\u0131zan\u0131z olmadan i\u015flenmez veya pazarlama ama\u00e7l\u0131 kullan\u0131lmaz.<\/p><\/li><li data-start=\"1289\" data-end=\"1349\"><p data-start=\"1291\" data-end=\"1349\">Sadece i\u015fleme amac\u0131 ve s\u00fcresi ile s\u0131n\u0131rl\u0131 olarak saklan\u0131r.<\/p><\/li><\/ul><hr data-start=\"1351\" data-end=\"1354\" \/><h2 data-start=\"1356\" data-end=\"1386\"><strong data-start=\"1359\" data-end=\"1386\">2. SORUMLULUK SINIRLARI<\/strong><\/h2><p data-start=\"1388\" data-end=\"1542\">Spartek Makine Otomotiv A.\u015e., web sitesi \u00fczerinden sunulan i\u00e7eriklerin do\u011fru ve g\u00fcncel olmas\u0131na \u00f6zen g\u00f6stermektedir. Ancak teknik nedenlerle olu\u015fabilecek;<\/p><ul data-start=\"1544\" data-end=\"1677\"><li data-start=\"1544\" data-end=\"1566\"><p data-start=\"1546\" data-end=\"1566\">Sistem kesintileri<\/p><\/li><li data-start=\"1567\" data-end=\"1594\"><p data-start=\"1569\" data-end=\"1594\">Sunucu eri\u015fim sorunlar\u0131<\/p><\/li><li data-start=\"1595\" data-end=\"1622\"><p data-start=\"1597\" data-end=\"1622\">Taray\u0131c\u0131 uyumsuzluklar\u0131<\/p><\/li><li data-start=\"1623\" data-end=\"1677\"><p data-start=\"1625\" data-end=\"1677\">Siteye d\u0131\u015f kaynaklardan gelen yanl\u0131\u015f veya eksik veri<\/p><\/li><\/ul><p data-start=\"1679\" data-end=\"1771\">gibi sebeplerden kaynaklanabilecek <strong data-start=\"1714\" data-end=\"1771\">do\u011frudan ya da dolayl\u0131 zararlardan sorumlu tutulamaz.<\/strong><\/p><p data-start=\"1773\" data-end=\"1927\">Kullan\u0131c\u0131lar, siteyi kullan\u0131rken sa\u011flad\u0131klar\u0131 bilgilerin do\u011frulu\u011fundan, yap\u0131lan i\u015flemlerden ve \u015fifreli alanlara eri\u015fim g\u00fcvenli\u011finden kendileri sorumludur.<\/p><hr data-start=\"1929\" data-end=\"1932\" \/><h2 data-start=\"1934\" data-end=\"1984\"><strong data-start=\"1937\" data-end=\"1984\">3. \u00dc\u00c7\u00dcNC\u00dc TARAF H\u0130ZMETLER VE ENTEGRASYONLAR<\/strong><\/h2><p data-start=\"1986\" data-end=\"2312\">Web sitemizde Google Analytics, harita servisleri, d\u0131\u015f ba\u011flant\u0131lar veya \u00fc\u00e7\u00fcnc\u00fc taraf yaz\u0131l\u0131m entegrasyonlar\u0131 yer alabilir. Bu servislerin sa\u011flad\u0131\u011f\u0131 i\u00e7erik ve g\u00fcvenlik politikalar\u0131, ilgili hizmet sa\u011flay\u0131c\u0131lara aittir. Bu t\u00fcr ba\u011flant\u0131lar\u0131n kullan\u0131m\u0131ndan do\u011fabilecek sonu\u00e7lardan <strong data-start=\"2262\" data-end=\"2312\">Spartek Makine Otomotiv A.\u015e. sorumlu de\u011fildir.<\/strong><\/p><hr data-start=\"2314\" data-end=\"2317\" \/><h2 data-start=\"2319\" data-end=\"2360\"><strong data-start=\"2322\" data-end=\"2360\">4. TEL\u0130F HAKLARI VE F\u0130KR\u0130 M\u00dcLK\u0130YET<\/strong><\/h2><p data-start=\"2362\" data-end=\"2408\"><strong data-start=\"2362\" data-end=\"2388\"><a class=\"\" href=\"https:\/\/dolphinlift.com.tr\/en\/\" target=\"_new\" rel=\"noopener\" data-start=\"2364\" data-end=\"2386\">www.dolphinlift.com.tr<\/a><\/strong> sitesinde yer alan;<\/p><ul data-start=\"2410\" data-end=\"2618\"><li data-start=\"2410\" data-end=\"2450\"><p data-start=\"2412\" data-end=\"2450\">Tasar\u0131m \u00f6geleri (logo, ikon, grafik)<\/p><\/li><li data-start=\"2451\" data-end=\"2485\"><p data-start=\"2453\" data-end=\"2485\">T\u00fcm g\u00f6rsel ve yaz\u0131l\u0131 i\u00e7erikler<\/p><\/li><li data-start=\"2486\" data-end=\"2532\"><p data-start=\"2488\" data-end=\"2532\">Yaz\u0131l\u0131m altyap\u0131s\u0131, tema ve teknik \u00e7\u00f6z\u00fcmler<\/p><\/li><li data-start=\"2533\" data-end=\"2587\"><p data-start=\"2535\" data-end=\"2587\">\u00dcr\u00fcn a\u00e7\u0131klamalar\u0131, teknik d\u00f6k\u00fcmanlar ve kataloglar<\/p><\/li><li data-start=\"2588\" data-end=\"2618\"><p data-start=\"2590\" data-end=\"2618\">Marka ve ticaret unvanlar\u0131<\/p><\/li><\/ul><p data-start=\"2620\" data-end=\"2758\"><strong data-start=\"2620\" data-end=\"2652\">Spartek Makine Otomotiv Inc.<\/strong>\u2019ye aittir ve 5846 Say\u0131l\u0131 Fikir ve Sanat Eserleri Kanunu ile T\u00fcrk Ticaret Kanunu kapsam\u0131nda korunmaktad\u0131r.<\/p><p data-start=\"2760\" data-end=\"2775\">\u0130zin al\u0131nmadan:<\/p><ul data-start=\"2777\" data-end=\"2913\"><li data-start=\"2777\" data-end=\"2793\"><p data-start=\"2779\" data-end=\"2793\">Kopyalanamaz<\/p><\/li><li data-start=\"2794\" data-end=\"2810\"><p data-start=\"2796\" data-end=\"2810\">\u00c7o\u011falt\u0131lamaz<\/p><\/li><li data-start=\"2811\" data-end=\"2826\"><p data-start=\"2813\" data-end=\"2826\">Da\u011f\u0131t\u0131lamaz<\/p><\/li><li data-start=\"2827\" data-end=\"2857\"><p data-start=\"2829\" data-end=\"2857\">Ticari ama\u00e7la kullan\u0131lamaz<\/p><\/li><li data-start=\"2858\" data-end=\"2913\"><p data-start=\"2860\" data-end=\"2913\">Al\u0131nt\u0131 yap\u0131lsa dahi kaynak belirtilmeden yay\u0131mlanamaz<\/p><\/li><\/ul><p data-start=\"2915\" data-end=\"2957\">Aksi durumlar, yasal i\u015flem gerektirebilir.<\/p><hr data-start=\"2959\" data-end=\"2962\" \/><h2 data-start=\"2964\" data-end=\"3021\"><strong data-start=\"2967\" data-end=\"3021\">5. S\u0130TE KULLANIM KO\u015eULLARININ DE\u011e\u0130\u015eT\u0130R\u0130LEB\u0130L\u0130RL\u0130\u011e\u0130<\/strong><\/h2><p data-start=\"3023\" data-end=\"3298\">Spartek Makine Otomotiv A.\u015e., gerekli g\u00f6rd\u00fc\u011f\u00fc durumlarda bu politikada de\u011fi\u015fiklik yapma hakk\u0131n\u0131 sakl\u0131 tutar. Yap\u0131lacak de\u011fi\u015fiklikler <strong data-start=\"3156\" data-end=\"3182\"><a class=\"\" href=\"https:\/\/dolphinlift.com.tr\/en\/\" target=\"_new\" rel=\"noopener\" data-start=\"3158\" data-end=\"3180\">www.dolphinlift.com.tr<\/a><\/strong> adresinden yay\u0131mland\u0131\u011f\u0131 anda y\u00fcr\u00fcrl\u00fc\u011fe girer. Kullan\u0131c\u0131lar, g\u00fcncellemeleri d\u00fczenli olarak takip etmekle y\u00fck\u00fcml\u00fcd\u00fcr.<\/p><hr data-start=\"3300\" data-end=\"3303\" \/><h2 data-start=\"3305\" data-end=\"3323\"><strong data-start=\"3308\" data-end=\"3323\">6. \u0130LET\u0130\u015e\u0130M<\/strong><\/h2><p data-start=\"3325\" data-end=\"3425\">Her t\u00fcrl\u00fc soru, g\u00f6r\u00fc\u015f, ba\u015fvuru veya talebiniz i\u00e7in a\u015fa\u011f\u0131daki ileti\u015fim kanallar\u0131n\u0131 kullanabilirsiniz:<\/p><p data-start=\"3427\" data-end=\"3692\"><strong data-start=\"3427\" data-end=\"3446\">Veri Sorumlusu:<\/strong> Spartek Makine Otomotiv Inc.<br data-start=\"3475\" data-end=\"3478\" \/><strong data-start=\"3478\" data-end=\"3488\">Adres:<\/strong> B\u00fcy\u00fckkayac\u0131k OSB Mah. 5. Nolu Sokak No:5, 42250 Sel\u00e7uklu\/KONYA<br data-start=\"3551\" data-end=\"3554\" \/><strong data-start=\"3554\" data-end=\"3566\">Email:<\/strong> <a class=\"cursor-pointer\" rel=\"noopener\" data-start=\"3567\" data-end=\"3624\">info@dolphinlift.com.tr<\/a><br data-start=\"3624\" data-end=\"3627\" \/><strong data-start=\"3627\" data-end=\"3635\">Web:<\/strong> <a class=\"\" href=\"https:\/\/dolphinlift.com.tr\/en\/\" target=\"_new\" rel=\"noopener\" data-start=\"3636\" data-end=\"3692\">www.dolphinlift.com.tr<\/a><\/p><hr data-start=\"3694\" data-end=\"3697\" \/><p data-start=\"3699\" data-end=\"3747\"><strong data-start=\"3699\" data-end=\"3719\">Y\u00fcr\u00fcrl\u00fck Tarihi:<\/strong> 30.07.2025<br data-start=\"3730\" data-end=\"3733\" \/><strong data-start=\"3733\" data-end=\"3743\">S\u00fcr\u00fcm:<\/strong> 1.0<\/p>\n\t\t\t\t\t<\/div>\n\t\t\t\t\t\t<\/div>\n\t\t\t\t<\/div>\n\t\t\t\t\t<\/div>\n\t\t\t\t<\/div>\n\t\t\t\t<\/div>","protected":false},"excerpt":{"rendered":"<p>Gizlilik Politikas\u0131 Spartek Makine Otomotiv A.\u015e. \u2013 Dolphin Forklift www.dolphinlift.com.tr alan ad\u0131 \u00fczerinden sunulan t\u00fcm dijital i\u00e7erik, g\u00f6rsel, metin, sistem<\/p>","protected":false},"author":1,"featured_media":0,"parent":0,"menu_order":0,"comment_status":"closed","ping_status":"closed","template":"","meta":{"footnotes":""},"class_list":["post-30686","page","type-page","status-publish","hentry"],"_links":{"self":[{"href":"https:\/\/dolphinlift.com.tr\/en\/wp-json\/wp\/v2\/pages\/30686","targetHints":{"allow":["GET"]}}],"collection":[{"href":"https:\/\/dolphinlift.com.tr\/en\/wp-json\/wp\/v2\/pages"}],"about":[{"href":"https:\/\/dolphinlift.com.tr\/en\/wp-json\/wp\/v2\/types\/page"}],"author":[{"embeddable":true,"href":"https:\/\/dolphinlift.com.tr\/en\/wp-json\/wp\/v2\/users\/1"}],"replies":[{"embeddable":true,"href":"https:\/\/dolphinlift.com.tr\/en\/wp-json\/wp\/v2\/comments?post=30686"}],"version-history":[{"count":0,"href":"https:\/\/dolphinlift.com.tr\/en\/wp-json\/wp\/v2\/pages\/30686\/revisions"}],"wp:attachment":[{"href":"https:\/\/dolphinlift.com.tr\/en\/wp-json\/wp\/v2\/media?parent=30686"}],"curies":[{"name":"wp","href":"https:\/\/api.w.org\/{rel}","templated":true}]}}