{"id":30834,"date":"2025-07-06T17:47:59","date_gmt":"2025-07-06T14:47:59","guid":{"rendered":"https:\/\/dolphinlift.com.tr\/?page_id=30834"},"modified":"2025-07-31T02:25:49","modified_gmt":"2025-07-30T23:25:49","slug":"rakamlarla-dolphin","status":"publish","type":"page","link":"https:\/\/dolphinlift.com.tr\/en\/rakamlarla-dolphin\/","title":{"rendered":"Key Figures of Dolphin"},"content":{"rendered":"<div data-elementor-type=\"wp-page\" data-elementor-id=\"30834\" class=\"elementor elementor-30834\">\n\t\t\t\t\t\t<section class=\"elementor-section elementor-top-section elementor-element elementor-element-47bb767b elementor-section-height-min-height elementor-section-content-middle wd-section-stretch elementor-section-boxed elementor-section-height-default elementor-section-items-middle\" data-id=\"47bb767b\" data-element_type=\"section\" data-e-type=\"section\" data-settings=\"{&quot;background_background&quot;:&quot;classic&quot;}\">\n\t\t\t\t\t\t\t<div class=\"elementor-background-overlay\"><\/div>\n\t\t\t\t\t\t\t<div class=\"elementor-container elementor-column-gap-default\">\n\t\t\t\t\t<div class=\"elementor-column elementor-col-100 elementor-top-column elementor-element elementor-element-4583f304\" data-id=\"4583f304\" data-element_type=\"column\" data-e-type=\"column\">\n\t\t\t<div class=\"elementor-widget-wrap elementor-element-populated\">\n\t\t\t\t\t\t<div class=\"elementor-element elementor-element-52b138cc wd-width-100 elementor-widget elementor-widget-wd_title\" data-id=\"52b138cc\" data-element_type=\"widget\" data-e-type=\"widget\" data-widget_type=\"wd_title.default\">\n\t\t\t\t<div class=\"elementor-widget-container\">\n\t\t\t\t\t\t\t<div class=\"title-wrapper wd-set-mb reset-last-child wd-title-color-white wd-title-style-default wd-title-size-default text-center\">\n\n\t\t\t\n\t\t\t<div class=\"liner-continer\">\n\t\t\t\t<h4 class=\"woodmart-title-container title wd-fontsize-l\">Key Figures of Dolphin<br \/>\n<strong>Every Number, a Success Story<\/strong><\/h4> \n\t\t\t\t\t\t\t<\/div>\n\n\t\t\t\t\t<\/div>\n\t\t\t\t\t\t<\/div>\n\t\t\t\t<\/div>\n\t\t\t\t\t<\/div>\n\t\t<\/div>\n\t\t\t\t\t<\/div>\n\t\t<\/section>\n\t\t<div class=\"elementor-element elementor-element-013bdfa wd-section-stretch-content e-flex e-con-boxed e-con e-parent\" data-id=\"013bdfa\" data-element_type=\"container\" data-e-type=\"container\">\n\t\t\t\t\t<div class=\"e-con-inner\">\n\t\t<div class=\"elementor-element elementor-element-3cda7c5 e-con-full e-flex e-con e-child\" data-id=\"3cda7c5\" data-element_type=\"container\" data-e-type=\"container\">\n\t\t\t\t<div class=\"elementor-element elementor-element-ba440fa wd-width-100 elementor-widget elementor-widget-wd_title\" data-id=\"ba440fa\" data-element_type=\"widget\" data-e-type=\"widget\" data-widget_type=\"wd_title.default\">\n\t\t\t\t<div class=\"elementor-widget-container\">\n\t\t\t\t\t\t\t<div class=\"title-wrapper wd-set-mb reset-last-child wd-title-color-default wd-title-style-default wd-title-size-default text-left\">\n\n\t\t\t\n\t\t\t<div class=\"liner-continer\">\n\t\t\t\t<h4 class=\"woodmart-title-container title wd-fontsize-l\">Production and Facility Power<\/h4> \n\t\t\t\t\t\t\t<\/div>\n\n\t\t\t\t\t\t\t<div class=\"title-after_title reset-last-child wd-fontsize-xs\">\n\t\t\t\t\t<ul><li><p><strong>Total Indoor Area:<\/strong> 10.500 m\u00b2<\/p><\/li><li><p><strong>Daily Production Capacity:<\/strong> 10+ forklifts<\/p><\/li><li><p><strong>Annual Total Production:<\/strong> 2,500+ forklifts<\/p><\/li><li><p><strong>Monthly Production Increase:<\/strong> 12% growth rate<\/p><\/li><li><p><strong>Production Line:<\/strong> 3 main assembly lines + 1 R&amp;D prototype area<\/p><\/li><li><p><strong>Automation in Production:<\/strong> 85% CNC and robot-assisted production<\/p><\/li><\/ul>\t\t\t\t<\/div>\n\t\t\t\t\t<\/div>\n\t\t\t\t\t\t<\/div>\n\t\t\t\t<\/div>\n\t\t\t\t<\/div>\n\t\t<div class=\"elementor-element elementor-element-37a6f61 e-con-full e-flex e-con e-child\" data-id=\"37a6f61\" data-element_type=\"container\" data-e-type=\"container\">\n\t\t\t\t<div class=\"elementor-element elementor-element-ef8fbac wd-width-100 elementor-widget elementor-widget-wd_title\" data-id=\"ef8fbac\" data-element_type=\"widget\" data-e-type=\"widget\" data-widget_type=\"wd_title.default\">\n\t\t\t\t<div class=\"elementor-widget-container\">\n\t\t\t\t\t\t\t<div class=\"title-wrapper wd-set-mb reset-last-child wd-title-color-default wd-title-style-default wd-title-size-default text-left\">\n\n\t\t\t\n\t\t\t<div class=\"liner-continer\">\n\t\t\t\t<h4 class=\"woodmart-title-container title wd-fontsize-l\">Sales &amp; Dealership Network<\/h4> \n\t\t\t\t\t\t\t<\/div>\n\n\t\t\t\t\t\t\t<div class=\"title-after_title reset-last-child wd-fontsize-xs\">\n\t\t\t\t\t<ul><li><ul><li><p><strong>Number of Dealers Across Turkey:<\/strong> 32<\/p><\/li><li><p><strong>Authorized Service Point:<\/strong> in 26 cities<\/p><\/li><li><p><strong>Number of Countries We Export To:<\/strong> 11<\/p><\/li><li><p><strong>Total Active Dealerships:<\/strong> 40+<\/p><\/li><li><p><strong>Distribution Agreement:<\/strong> in 5 countries<\/p><\/li><li><p><strong>Annual Sales Volume:<\/strong> 2,200+ forklifts \/ 4,000+ spare part sets<\/p><\/li><\/ul><\/li><\/ul>\t\t\t\t<\/div>\n\t\t\t\t\t<\/div>\n\t\t\t\t\t\t<\/div>\n\t\t\t\t<\/div>\n\t\t\t\t<\/div>\n\t\t<div class=\"elementor-element elementor-element-ab8e0b4 e-con-full e-flex e-con e-child\" data-id=\"ab8e0b4\" data-element_type=\"container\" data-e-type=\"container\">\n\t\t\t\t<div class=\"elementor-element elementor-element-17ea413 wd-width-100 elementor-widget elementor-widget-wd_title\" data-id=\"17ea413\" data-element_type=\"widget\" data-e-type=\"widget\" data-widget_type=\"wd_title.default\">\n\t\t\t\t<div class=\"elementor-widget-container\">\n\t\t\t\t\t\t\t<div class=\"title-wrapper wd-set-mb reset-last-child wd-title-color-default wd-title-style-default wd-title-size-default text-left\">\n\n\t\t\t\n\t\t\t<div class=\"liner-continer\">\n\t\t\t\t<h4 class=\"woodmart-title-container title wd-fontsize-l\"> Human Resources and R&amp;D<\/h4> \n\t\t\t\t\t\t\t<\/div>\n\n\t\t\t\t\t\t\t<div class=\"title-after_title reset-last-child wd-fontsize-xs\">\n\t\t\t\t\t<ul><li><ul><li><p><strong>Total Employees:<\/strong> 150+<\/p><\/li><li><p><strong>R&amp;D Staff:<\/strong> 22 engineers<\/p><\/li><li><p><strong>Experienced Technical Team:<\/strong> 35+ field technicians<\/p><\/li><li><p><strong>Annual R&amp;D Investment:<\/strong> \u20ba3 million<\/p><\/li><li><p><strong>Patentli \u00dcr\u00fcn Geli\u015ftirme:<\/strong> 4 active patent applications<\/p><\/li><\/ul><\/li><\/ul>\t\t\t\t<\/div>\n\t\t\t\t\t<\/div>\n\t\t\t\t\t\t<\/div>\n\t\t\t\t<\/div>\n\t\t\t\t<\/div>\n\t\t<div class=\"elementor-element elementor-element-32cae75 e-con-full e-flex e-con e-child\" data-id=\"32cae75\" data-element_type=\"container\" data-e-type=\"container\">\n\t\t\t\t<div class=\"elementor-element elementor-element-474c3a7 wd-width-100 elementor-widget elementor-widget-wd_title\" data-id=\"474c3a7\" data-element_type=\"widget\" data-e-type=\"widget\" data-widget_type=\"wd_title.default\">\n\t\t\t\t<div class=\"elementor-widget-container\">\n\t\t\t\t\t\t\t<div class=\"title-wrapper wd-set-mb reset-last-child wd-title-color-default wd-title-style-default wd-title-size-default text-left\">\n\n\t\t\t\n\t\t\t<div class=\"liner-continer\">\n\t\t\t\t<h4 class=\"woodmart-title-container title wd-fontsize-l\">After-Sales and Technical Support<\/h4> \n\t\t\t\t\t\t\t<\/div>\n\n\t\t\t\t\t\t\t<div class=\"title-after_title reset-last-child wd-fontsize-xs\">\n\t\t\t\t\t<ul><li><ul><li><p><strong>Number of Mobile Service Vehicles:<\/strong> 20<\/p><\/li><li><p><strong>Average Response Time:<\/strong> 24 hours<\/p><\/li><li><p><strong>Number of Annual Service Operations:<\/strong> 6.500+<\/p><\/li><li><p><strong>Spare Parts Supply Time:<\/strong> Average 48 hours<\/p><\/li><li><p><strong>Field Trainings:<\/strong> 250+ user trainings per year<\/p><\/li><\/ul><\/li><\/ul>\t\t\t\t<\/div>\n\t\t\t\t\t<\/div>\n\t\t\t\t\t\t<\/div>\n\t\t\t\t<\/div>\n\t\t\t\t<\/div>\n\t\t<div class=\"elementor-element elementor-element-a9f9806 e-con-full e-flex e-con e-child\" data-id=\"a9f9806\" data-element_type=\"container\" data-e-type=\"container\">\n\t\t\t\t<div class=\"elementor-element elementor-element-98b1a73 wd-width-100 elementor-widget elementor-widget-wd_title\" data-id=\"98b1a73\" data-element_type=\"widget\" data-e-type=\"widget\" data-widget_type=\"wd_title.default\">\n\t\t\t\t<div class=\"elementor-widget-container\">\n\t\t\t\t\t\t\t<div class=\"title-wrapper wd-set-mb reset-last-child wd-title-color-default wd-title-style-default wd-title-size-default text-left\">\n\n\t\t\t\n\t\t\t<div class=\"liner-continer\">\n\t\t\t\t<h4 class=\"woodmart-title-container title wd-fontsize-l\">Sustainability &amp; Green Transformation<\/h4> \n\t\t\t\t\t\t\t<\/div>\n\n\t\t\t\t\t\t\t<div class=\"title-after_title reset-last-child wd-fontsize-xs\">\n\t\t\t\t\t<ul><li><ul><li><p><strong>Carbon Emission Reduction:<\/strong> 1,800 tons per year<\/p><\/li><li><p><strong>Green Energy Usage:<\/strong> 70% of the facility with solar panels<\/p><\/li><li><p><strong>Geri D\u00f6n\u00fc\u015f\u00fcm Oran\u0131:<\/strong> 95% of production waste is recovered<\/p><\/li><li><p><strong>New Generation Electric Forklifts:<\/strong> 60% of the product range is electric<\/p><\/li><li><p><strong>Eco-Friendly Logistics:<\/strong> Carbon footprint measurement in all shipments<\/p><\/li><\/ul><\/li><\/ul>\t\t\t\t<\/div>\n\t\t\t\t\t<\/div>\n\t\t\t\t\t\t<\/div>\n\t\t\t\t<\/div>\n\t\t\t\t<\/div>\n\t\t<div class=\"elementor-element elementor-element-42e18db e-con-full e-flex e-con e-child\" data-id=\"42e18db\" data-element_type=\"container\" data-e-type=\"container\">\n\t\t\t\t<div class=\"elementor-element elementor-element-b34a970 wd-width-100 elementor-widget elementor-widget-wd_title\" data-id=\"b34a970\" data-element_type=\"widget\" data-e-type=\"widget\" data-widget_type=\"wd_title.default\">\n\t\t\t\t<div class=\"elementor-widget-container\">\n\t\t\t\t\t\t\t<div class=\"title-wrapper wd-set-mb reset-last-child wd-title-color-default wd-title-style-default wd-title-size-default text-left\">\n\n\t\t\t\n\t\t\t<div class=\"liner-continer\">\n\t\t\t\t<h4 class=\"woodmart-title-container title wd-fontsize-l\"> Customer Satisfaction and Growth<\/h4> \n\t\t\t\t\t\t\t<\/div>\n\n\t\t\t\t\t\t\t<div class=\"title-after_title reset-last-child wd-fontsize-xs\">\n\t\t\t\t\t<ul><li><ul><li><p><strong>Customer Satisfaction:<\/strong> %94<\/p><\/li><li><p><strong>Annual Growth Rate:<\/strong> \u200f(2024\u20132025)<\/p><\/li><li><p><strong>Resolution Rate Under Warranty:<\/strong> %100<\/p><\/li><li><p><strong>Quotation Response Time:<\/strong> Average 2 business days<\/p><\/li><li><p><strong>Applications Received via Web:<\/strong> 400+ applications per month<\/p><\/li><\/ul><\/li><\/ul>\t\t\t\t<\/div>\n\t\t\t\t\t<\/div>\n\t\t\t\t\t\t<\/div>\n\t\t\t\t<\/div>\n\t\t\t\t<\/div>\n\t\t\t\t\t<\/div>\n\t\t\t\t<\/div>\n\t\t\t\t<\/div>","protected":false},"excerpt":{"rendered":"<p>Rakamlarla Dolphin Her Rakam, Bir Ba\u015far\u0131 Hikayesi \u00dcretim ve Tesis G\u00fcc\u00fc Toplam Kapal\u0131 Alan: 10.500 m\u00b2 G\u00fcnl\u00fck \u00dcretim Kapasitesi: 10+<\/p>","protected":false},"author":1,"featured_media":0,"parent":0,"menu_order":0,"comment_status":"closed","ping_status":"closed","template":"","meta":{"footnotes":""},"class_list":["post-30834","page","type-page","status-publish","hentry"],"_links":{"self":[{"href":"https:\/\/dolphinlift.com.tr\/en\/wp-json\/wp\/v2\/pages\/30834","targetHints":{"allow":["GET"]}}],"collection":[{"href":"https:\/\/dolphinlift.com.tr\/en\/wp-json\/wp\/v2\/pages"}],"about":[{"href":"https:\/\/dolphinlift.com.tr\/en\/wp-json\/wp\/v2\/types\/page"}],"author":[{"embeddable":true,"href":"https:\/\/dolphinlift.com.tr\/en\/wp-json\/wp\/v2\/users\/1"}],"replies":[{"embeddable":true,"href":"https:\/\/dolphinlift.com.tr\/en\/wp-json\/wp\/v2\/comments?post=30834"}],"version-history":[{"count":0,"href":"https:\/\/dolphinlift.com.tr\/en\/wp-json\/wp\/v2\/pages\/30834\/revisions"}],"wp:attachment":[{"href":"https:\/\/dolphinlift.com.tr\/en\/wp-json\/wp\/v2\/media?parent=30834"}],"curies":[{"name":"wp","href":"https:\/\/api.w.org\/{rel}","templated":true}]}}