{"id":29129,"date":"2025-06-26T23:26:14","date_gmt":"2025-06-26T20:26:14","guid":{"rendered":"https:\/\/dolphinlift.com.tr\/?post_type=product&#038;p=29129"},"modified":"2025-06-27T10:21:20","modified_gmt":"2025-06-27T07:21:20","slug":"dolphin-manuel-transpalet","status":"publish","type":"product","link":"https:\/\/dolphinlift.com.tr\/en\/urunlerimiz\/dolphin-manuel-transpalet\/","title":{"rendered":"Dolphin Manuel Transpalet"},"content":{"rendered":"","protected":false},"excerpt":{"rendered":"<p data-start=\"1678\" data-end=\"1970\"><strong data-start=\"1678\" data-end=\"1697\">Dolphin 3TON<\/strong> transpalet, y\u00fcksek ta\u015f\u0131ma kapasitesi ve dayan\u0131kl\u0131 yap\u0131s\u0131yla lojistik, depo ve \u00fcretim alanlar\u0131nda maksimum verimlilik sunar. <strong data-start=\"1832\" data-end=\"1854\">\u00a03000kg <\/strong>a\u011f\u0131r y\u00fcklerin g\u00fcvenli ve pratik bir \u015fekilde ta\u015f\u0131nmas\u0131na olanak tan\u0131r.<\/p>\n<p data-start=\"1972\" data-end=\"2223\"><strong data-start=\"1972\" data-end=\"2008\">Y\u00fcksek mukavemetli \u00e7atal sistemi<\/strong>, entegre ya\u011f pompas\u0131 ve dar alanlarda rahat manevra sa\u011flayan <strong data-start=\"2070\" data-end=\"2096\">kompakt d\u00f6n\u00fc\u015f yar\u0131\u00e7ap\u0131<\/strong>, i\u015f s\u00fcre\u00e7lerinde h\u0131z ve g\u00fcvenli\u011fi bir arada sunar.<\/p>","protected":false},"featured_media":29154,"template":"","meta":[],"product_brand":[],"product_cat":[77],"product_tag":[],"class_list":{"0":"post-29129","1":"product","2":"type-product","3":"status-publish","4":"has-post-thumbnail","6":"product_cat-transpalet","8":"first","9":"outofstock","10":"shipping-taxable","11":"product-type-variable"},"_links":{"self":[{"href":"https:\/\/dolphinlift.com.tr\/en\/wp-json\/wp\/v2\/product\/29129","targetHints":{"allow":["GET"]}}],"collection":[{"href":"https:\/\/dolphinlift.com.tr\/en\/wp-json\/wp\/v2\/product"}],"about":[{"href":"https:\/\/dolphinlift.com.tr\/en\/wp-json\/wp\/v2\/types\/product"}],"version-history":[{"count":0,"href":"https:\/\/dolphinlift.com.tr\/en\/wp-json\/wp\/v2\/product\/29129\/revisions"}],"wp:featuredmedia":[{"embeddable":true,"href":"https:\/\/dolphinlift.com.tr\/en\/wp-json\/wp\/v2\/media\/29154"}],"wp:attachment":[{"href":"https:\/\/dolphinlift.com.tr\/en\/wp-json\/wp\/v2\/media?parent=29129"}],"wp:term":[{"taxonomy":"product_brand","embeddable":true,"href":"https:\/\/dolphinlift.com.tr\/en\/wp-json\/wp\/v2\/product_brand?post=29129"},{"taxonomy":"product_cat","embeddable":true,"href":"https:\/\/dolphinlift.com.tr\/en\/wp-json\/wp\/v2\/product_cat?post=29129"},{"taxonomy":"product_tag","embeddable":true,"href":"https:\/\/dolphinlift.com.tr\/en\/wp-json\/wp\/v2\/product_tag?post=29129"}],"curies":[{"name":"wp","href":"https:\/\/api.w.org\/{rel}","templated":true}]}}